{"id":10,"date":"2024-02-16T17:15:00","date_gmt":"2024-02-16T17:15:00","guid":{"rendered":"https:\/\/artettissage.com\/wordpress\/?page_id=10"},"modified":"2024-08-17T09:15:51","modified_gmt":"2024-08-17T09:15:51","slug":"a-propos-de","status":"publish","type":"page","link":"https:\/\/artettissage.com\/wordpress\/?page_id=10","title":{"rendered":"\u00c0 propos de"},"content":{"rendered":"\n<p>Art et Tissage<\/p>\n\n\n\n<p>Le propri\u00e9taire, chaleureux et comp\u00e9tent, est \u00e0 votre disposition pour vous guider dans vos choix, vous offrant des conseils personnalis\u00e9s pour trouver le tapis parfait qui embellira votre espace de vie. Que vous cherchiez \u00e0 ajouter une touche de luxe \u00e0 votre salon, une note d&rsquo;\u00e9l\u00e9gance \u00e0 votre chambre \u00e0 coucher ou une ambiance chaleureuse \u00e0 votre bureau, nous avons le tapis id\u00e9al pour vous.<\/p>\n\n\n\n<p><\/p>\n","protected":false},"excerpt":{"rendered":"<p>Art et Tissage Le propri\u00e9taire, chaleureux et comp\u00e9tent, est \u00e0 votre disposition pour vous guider dans vos choix, vous offrant des conseils personnalis\u00e9s pour trouver le tapis parfait qui embellira votre espace de vie. Que vous cherchiez \u00e0 ajouter une touche de luxe \u00e0 votre salon, une note d&rsquo;\u00e9l\u00e9gance \u00e0 votre chambre \u00e0 coucher ou &hellip; <\/p>\n<p class=\"link-more\"><a href=\"https:\/\/artettissage.com\/wordpress\/?page_id=10\" class=\"more-link\">Continuer la lecture<span class=\"screen-reader-text\"> de &laquo;&nbsp;\u00c0 propos de&nbsp;&raquo;<\/span><\/a><\/p>\n","protected":false},"author":1,"featured_media":33,"parent":0,"menu_order":0,"comment_status":"closed","ping_status":"closed","template":"","meta":{"footnotes":""},"class_list":["post-10","page","type-page","status-publish","has-post-thumbnail","hentry"],"_links":{"self":[{"href":"https:\/\/artettissage.com\/wordpress\/index.php?rest_route=\/wp\/v2\/pages\/10","targetHints":{"allow":["GET"]}}],"collection":[{"href":"https:\/\/artettissage.com\/wordpress\/index.php?rest_route=\/wp\/v2\/pages"}],"about":[{"href":"https:\/\/artettissage.com\/wordpress\/index.php?rest_route=\/wp\/v2\/types\/page"}],"author":[{"embeddable":true,"href":"https:\/\/artettissage.com\/wordpress\/index.php?rest_route=\/wp\/v2\/users\/1"}],"replies":[{"embeddable":true,"href":"https:\/\/artettissage.com\/wordpress\/index.php?rest_route=%2Fwp%2Fv2%2Fcomments&post=10"}],"version-history":[{"count":7,"href":"https:\/\/artettissage.com\/wordpress\/index.php?rest_route=\/wp\/v2\/pages\/10\/revisions"}],"predecessor-version":[{"id":126,"href":"https:\/\/artettissage.com\/wordpress\/index.php?rest_route=\/wp\/v2\/pages\/10\/revisions\/126"}],"wp:featuredmedia":[{"embeddable":true,"href":"https:\/\/artettissage.com\/wordpress\/index.php?rest_route=\/wp\/v2\/media\/33"}],"wp:attachment":[{"href":"https:\/\/artettissage.com\/wordpress\/index.php?rest_route=%2Fwp%2Fv2%2Fmedia&parent=10"}],"curies":[{"name":"wp","href":"https:\/\/api.w.org\/{rel}","templated":true}]}}